{"id":1766,"date":"2015-06-09T19:34:34","date_gmt":"2015-06-09T19:34:34","guid":{"rendered":"http:\/\/trachtenkapelle-herrischried.de\/?page_id=1766"},"modified":"2022-09-04T08:36:53","modified_gmt":"2022-09-04T08:36:53","slug":"historie-der-ausbildungsgemeinschaft","status":"publish","type":"page","link":"https:\/\/trachtenkapelle-herrischried.de\/?page_id=1766","title":{"rendered":"Historie der Ausbildungsgemeinschaft Blasmusik"},"content":{"rendered":"<p>Im Jahr 2000 hatte der Dirigent der Trachtenkapelle Herrischried (kurz genannt Tk He) G\u00fcnter Kaiser die Idee eine Ausbildungsgemeinschaft (kurz genannt AGB) zusammen mit der Trachtenkapelle Hogsch\u00fcr (kurz genannt Tk Ho) ins Leben zu rufen. Auch die Tk Ho unter ihrem Vorstand Peter Matt war damals sehr interessiert daran, gemeinschaftlich auszubilden und somit gemeinsame Synergien zu nutzen.<\/p>\n<p>Somit war das Hauptziel gesteckt: Eine verst\u00e4rkte, gemeinsame musikalische Ausbildung von Kindern und Jugendlichen im Sinne der Nachwuchsheranbildung f\u00fcr die beiden Tr\u00e4gervereine. Die Ausbildung sollte in einem gemeinsamen Theorie- und Praxisunterricht erfolgen. Hierf\u00fcr wurden qualifizierte Ausbilder der beiden Tr\u00e4gervereine engagiert.<\/p>\n<p>So wurden ab diesem Zeitpunkt die Z\u00f6glinge und Jungmusiker aus Herrischried und Hogsch\u00fcr f\u00fcr ihren praktischen Unterricht jeweils ihren Instrumentengruppen zugeteilt und wurden gemeinsam ausgebildet. Dabei gab es nie einen Unterschied ob ein Z\u00f6gling oder ein Ausbilder aus Herrischried oder Hogsch\u00fcr kam, denn man war nun eine Einheit. Auch der Theorie-Unterricht fand in einer gro\u00dfen Gruppe gemeinsam statt.<\/p>\n<p>Die Leitung der AGB haben bis heute mit kraft ihres Amtes die beiden Vorsitzenden der Tr\u00e4gervereine. Die Hauptorganisation hatte G\u00fcnter Kaiser der Tk He inne, der im Jahr 2004 an Nicole Allgaier von der Tk He \u00fcbergab. Der Kassierer wurde mit Thomas Siebold von der Tk Ho gestellt. Dieser \u00fcbergab ebenfalls 2004 an Sebastian Dannenberger von der Tk Ho.<\/p>\n<p>Im Jahr 2002 kam wiederum von G\u00fcnter Kaiser die Idee eine Jugendkapelle der Ausbildungsgemeinschaft zu gr\u00fcnden, was auch in die Tat umgesetzt wurde. Im November 2002 fand das erste Konzert der Jugendkapelle Herrischried \u2013 Hogsch\u00fcr in der Rotmooshalle unter der Leitung von G\u00fcnter Kaiser und Nicole Allgaier statt. Im darauf folgenden Jahr wurde nochmals ein Konzert veranstaltet, au\u00dferdem folgten Auftritte bei verschiedenen Festen wie am Jubil\u00e4umsfest der Freilichtb\u00fchne Klausenhof, beim Adventskonzert in der Kirche oder bei unserer Partnerstadt in Le Castellet beim Verschwisterungsjubil\u00e4um. Nach einer zwei j\u00e4hrigen Pause \u00fcbernahm Bettina Huber f\u00fcr zwei weitere Jahre die musikalische Leitung der Jugendkapelle und konnte ebenfalls zwei abwechslungsreiche und erfolgreiche Konzerte durchf\u00fchren. Seit 2011 wird regelm\u00e4\u00dfig mit den Jungmusikern im Rahmen eines Ensembles unter der Leitung von Nicole Allgaier und Verena Stoll geprobt.<\/p>\n<p>Auch Ausfl\u00fcge d\u00fcrfen nicht fehlen. So besuchte man schon mehrmals die Eissporthalle zum Schlittschuh fahren, die Jugendkapelle probte auf ihr Konzert w\u00e4hrend eines H\u00fctten- und Probewochenendes und ein Schlittentag mit anschlie\u00dfendem gemeinsamen Spaghetti-Kochen wurde organisiert.<\/p>\n<p>Aufgrund Mangels an Ausbildern in den eigenen Reihen wurde Ende 2010 zum ersten Mal mit der Jugendmusikschule Bad S\u00e4ckingen (kurz genannt JMS) Kontakt aufgenommen. Der Leiter der JMS Klaus Siebold war sofort sehr kooperativ und seit diesem Zeitpunkt werden vermehrt die Jungmusiker von Ausbildern der JMS ausgebildet.<\/p>\n<p>Im Jahr 2013 hatte man zum ersten Mal Kontakt zur Gemeinschaftsschule Hotzenwald und ging erste Schritte in Richtung \u201eKooperation Schule und Verein\u201c. Dies wurde aktiv unterst\u00fctzt von der Lehrerin Dagmar Keck, die die beiden Trachtenkapellen Herrischried und Hogsch\u00fcr darauf ansprach.<\/p>\n<p>In einem ersten Schritt wurde eine Blockfl\u00f6ten-AG in den Nachmittagsunterricht der Grundschule integriert, die von Ausbildern der AGB Herrischried-Hogsch\u00fcr angeboten wird.<\/p>\n<p>In einem weiteren Schritt wurde in Kooperation mit der Jugendmusikschule Bad S\u00e4ckingen die Bl\u00e4serklasse f\u00fcr die 5. und 6. Klasse ins Leben gerufen.<\/p>\n<p>Seit dem Schuljahr 2014\/2015 erlernen mittlerweile jeweils 2 Bl\u00e4serklassen auf unterschiedlichsten Holz- und Blechblasinstrumente zusammen zu musizieren. Die Bl\u00e4serklassen werden geleitet von den Lehrerinnen Dagmar Keck und Sabrina Kurz. Des Weiteren werden sie unterst\u00fctzt von Gabi Barth, die Lehrkraft bei der Jugendmusikschule Bad S\u00e4ckingen ist.<\/p>\n<p>Seit dem SJ 2014\/2015 hat die GMS Hotzenwald mit der AGB Herrischried-Hogsch\u00fcr auch eine offizielle Kooperation, die vom BDB \u2013 Bund Deutscher Blasmusikverb\u00e4nde \u2013 mit finanziellen Mitteln unterst\u00fctzt wird.<\/p>\n<p>Die Jungmusiker der Trachtenkapellen Herrischried und Hogsch\u00fcr konnten bereits verschiedene Aktivit\u00e4ten mit den Musikern der Bl\u00e4serklassen unternehmen. Hierzu geh\u00f6rte ein Rhythmus-Workshop unter der Leitung von Klaus Siebold (Jugendmusikschule), gemeinsame Musikproben, ein Platzkonzert der Jugendkapelle zusammen mit der Bl\u00e4serklasse sowie ein weiterer \u201emusikalischer Vormittag\u201c ebenfalls im Rahmen eines Workshops.<\/p>\n<p>Mehr Infos zur Bl\u00e4serklasse:<\/p>\n<ul>\n<li><a href=\"http:\/\/www.gms-hotzenwald.de\/\" target=\"_blank\" rel=\"noopener\">http:\/\/www.gms-hotzenwald.de\/<\/a><\/li>\n<li><a href=\"http:\/\/www.suedkurier.de\/region\/hochrhein\/herrischried\/Musikalische-Foerderung;art372599,7650918\" target=\"_blank\" rel=\"noopener\">http:\/\/www.suedkurier.de\/region\/hochrhein\/herrischried\/Musikalische-Foerderung;art372599,7650918<\/a><\/li>\n<li><a href=\"http:\/\/www.badische-zeitung.de\/herrischried\/die-erwartungen-sind-gross-x1x--100862673.html\" target=\"_blank\" rel=\"noopener\">http:\/\/www.badische-zeitung.de\/herrischried\/die-erwartungen-sind-gross-x1x&#8211;100862673.html<\/a><\/li>\n<li><a href=\"http:\/\/www.suedkurier.de\/region\/hochrhein\/herrischried\/Startnummer-S23-Die-Blaeserklasse-der-Gemeinschaftsschule-Hotzenwald-moechte-Tuba-Unterricht-ermoeglichen;art372599,8607500\" target=\"_blank\" rel=\"noopener\">http:\/\/www.suedkurier.de\/region\/hochrhein\/herrischried\/Startnummer-S23-Die-Blaeserklasse-der-Gemeinschaftsschule-Hotzenwald-moechte-Tuba-Unterricht-ermoeglichen;art372599,8607500<\/a><\/li>\n<\/ul>\n<p>Die AGB Herrischried-Hogsch\u00fcr sucht im Jahr 2015 nach neuen Wegen der Blasmusikausbildung aufgrund stetig sinkender Jungmusikern und keinen vereinsinternen Ausbildern.<\/p>\n<p>Im August 2015 k\u00f6nnen wir zusammen mit den Rickenbacher Musikvereinen die Bl\u00e4serjugend Hotzenwald gr\u00fcnden. Mehr Infos siehe hier: <a href=\"http:\/\/trachtenkapelle-herrischried.de\/?page_id=1768\">http:\/\/trachtenkapelle-herrischried.de\/?page_id=1768<\/a><\/p>\n<p>Die Ausbildungsgemeinschaft Blasmusik Herrischried \u2013 Hogsch\u00fcr stellt offiziell per 31.08.2015 seine Aktivit\u00e4ten ein. F\u00fcr ein Schuljahr (2015\/2016) wird die Kooperation mit der GMS Hotzenwald noch offiziell \u00fcber die AGB abgewickelt aber im darauffolgenden SJ 2016\/2017 ebenfalls in die Bl\u00e4serjugend Hotzenwald \u00fcbernommen werden.<\/p>\n<p>Die Ausbildungsgemeinschaft hat seit dem Jahr 2000 \u00fcber 80 Kinder und Jugendliche auf verschiedenen Instrumenten ausgebildet. Hierzu geh\u00f6rt der Blockfl\u00f6ten-Unterricht als Einstieg sowie die Ausbildung auf den typischen Instrumenten f\u00fcr ein Blasorchester: Querfl\u00f6ten, Klarinetten, Trompeten, Fl\u00fcgelh\u00f6rner, aber auch Posaunen, H\u00f6rner, Tenorh\u00f6rner sowie dem Schlagzeug.<\/p>\n","protected":false},"excerpt":{"rendered":"<p>Im Jahr 2000 hatte der Dirigent der Trachtenkapelle Herrischried (kurz genannt Tk He) G\u00fcnter Kaiser die Idee eine Ausbildungsgemeinschaft (kurz genannt AGB) zusammen mit der Trachtenkapelle Hogsch\u00fcr (kurz genannt Tk Ho) ins Leben zu rufen. Auch die Tk Ho unter &hellip; <a href=\"https:\/\/trachtenkapelle-herrischried.de\/?page_id=1766\">Weiterlesen <span class=\"meta-nav\">&rarr;<\/span><\/a><\/p>\n","protected":false},"author":1,"featured_media":0,"parent":50,"menu_order":0,"comment_status":"closed","ping_status":"closed","template":"","meta":{"ngg_post_thumbnail":0,"footnotes":""},"class_list":["post-1766","page","type-page","status-publish","hentry"],"_links":{"self":[{"href":"https:\/\/trachtenkapelle-herrischried.de\/index.php?rest_route=\/wp\/v2\/pages\/1766","targetHints":{"allow":["GET"]}}],"collection":[{"href":"https:\/\/trachtenkapelle-herrischried.de\/index.php?rest_route=\/wp\/v2\/pages"}],"about":[{"href":"https:\/\/trachtenkapelle-herrischried.de\/index.php?rest_route=\/wp\/v2\/types\/page"}],"author":[{"embeddable":true,"href":"https:\/\/trachtenkapelle-herrischried.de\/index.php?rest_route=\/wp\/v2\/users\/1"}],"replies":[{"embeddable":true,"href":"https:\/\/trachtenkapelle-herrischried.de\/index.php?rest_route=%2Fwp%2Fv2%2Fcomments&post=1766"}],"version-history":[{"count":6,"href":"https:\/\/trachtenkapelle-herrischried.de\/index.php?rest_route=\/wp\/v2\/pages\/1766\/revisions"}],"predecessor-version":[{"id":2317,"href":"https:\/\/trachtenkapelle-herrischried.de\/index.php?rest_route=\/wp\/v2\/pages\/1766\/revisions\/2317"}],"up":[{"embeddable":true,"href":"https:\/\/trachtenkapelle-herrischried.de\/index.php?rest_route=\/wp\/v2\/pages\/50"}],"wp:attachment":[{"href":"https:\/\/trachtenkapelle-herrischried.de\/index.php?rest_route=%2Fwp%2Fv2%2Fmedia&parent=1766"}],"curies":[{"name":"wp","href":"https:\/\/api.w.org\/{rel}","templated":true}]}}